{"id":33,"date":"2016-12-04T16:06:18","date_gmt":"2016-12-04T16:06:18","guid":{"rendered":"http:\/\/fontteri.fi\/wpKoti\/?page_id=33"},"modified":"2018-01-18T08:30:29","modified_gmt":"2018-01-18T08:30:29","slug":"tmi-fontteri","status":"publish","type":"page","link":"https:\/\/fontteri.fi\/wpKoti\/","title":{"rendered":"t:mi Fontteri"},"content":{"rendered":"<div>\n<p>On pieni Turkulainen it-alan yritys, joka on aloittanut toimintansa 2006 ja on siit\u00e4 l\u00e4htien toiminut erikokoisten yritysten tukena moninaisissa teht\u00e4viss\u00e4.<\/p>\n<ul>\n<li>Pienuus on valttimme, emme sotkeudu monimutkaiseen byrokratiaan, vaan tulemme suoraan asiakkaan luokse kartoittamaan millaisia tietojenk\u00e4sittelytarpeita heill\u00e4 on ja miten voimme parhaiten auttaa niiden ratkaisemisessa.<\/li>\n<li>Pystymme tarjoamaan asiakkaillemme joustavia ja nopeita palveluja.<\/li>\n<li>Vahvin alueemme on Classic ASP-tekniikassa ja sen hy\u00f6dynt\u00e4misess\u00e4 tietokantoja vasten, kuten SQL-Server ja mySQL.<\/li>\n<li>Classic ASP:n suurimpia etuja on sovelluskehityksen joustavuus. Asiakasp\u00e4\u00e4ss\u00e4 ei tarvita monimutkaisia asennuksia aina kun sovellukseen tulee muutos. Riitt\u00e4\u00e4 kun p\u00e4ivitet\u00e4\u00e4n muuttunut tiedosto palvelimelle ja uudet ominaisuudet ovat heti kaikkien k\u00e4ytt\u00e4jien k\u00e4ytett\u00e4viss\u00e4. Ilman katkoja!<\/li>\n<\/ul>\n<p>Tarjoamme my\u00f6s kotisivupalvelua WordPress julkaisuj\u00e4rjestelm\u00e4\u00e4 hy\u00f6dynt\u00e4en, mukaan lukien tarvittava valokuvaus, jolloin kuvat ovat nopeasti k\u00e4ytett\u00e4viss\u00e4.<\/p>\n<p>Edellisten lis\u00e4ksi tarjoamme my\u00f6s t\u00e4ysin it-alasta poikkeavia palveluita, kuten veneen kiinnitysk\u00f6ysien valmistus tai vaikkapa k\u00f6ysifendareiden valmistus, sek\u00e4 erin\u00e4isien meriaiheisten koriste \/ k\u00e4ytt\u00f6esineiden valmistus.<\/p>\n<p>Tutustuthan palveluihimme tarkemmin palvelut osiossa.<\/p>\n<\/div>\n","protected":false},"excerpt":{"rendered":"<p>On pieni Turkulainen it-alan yritys, joka on aloittanut toimintansa 2006 ja on siit\u00e4 l\u00e4htien toiminut erikokoisten yritysten tukena moninaisissa teht\u00e4viss\u00e4. Pienuus on valttimme, emme sotkeudu monimutkaiseen byrokratiaan, vaan tulemme suoraan asiakkaan luokse kartoittamaan millaisia tietojenk\u00e4sittelytarpeita heill\u00e4 on ja miten voimme parhaiten auttaa niiden ratkaisemisessa. Pystymme tarjoamaan asiakkaillemme joustavia ja nopeita palveluja. Vahvin alueemme on Classic [&hellip;]<\/p>\n","protected":false},"author":1,"featured_media":0,"parent":0,"menu_order":0,"comment_status":"closed","ping_status":"closed","template":"page.php","meta":{"footnotes":""},"class_list":["post-33","page","type-page","status-publish","hentry"],"_links":{"self":[{"href":"https:\/\/fontteri.fi\/wpKoti\/index.php?rest_route=\/wp\/v2\/pages\/33","targetHints":{"allow":["GET"]}}],"collection":[{"href":"https:\/\/fontteri.fi\/wpKoti\/index.php?rest_route=\/wp\/v2\/pages"}],"about":[{"href":"https:\/\/fontteri.fi\/wpKoti\/index.php?rest_route=\/wp\/v2\/types\/page"}],"author":[{"embeddable":true,"href":"https:\/\/fontteri.fi\/wpKoti\/index.php?rest_route=\/wp\/v2\/users\/1"}],"replies":[{"embeddable":true,"href":"https:\/\/fontteri.fi\/wpKoti\/index.php?rest_route=%2Fwp%2Fv2%2Fcomments&post=33"}],"version-history":[{"count":43,"href":"https:\/\/fontteri.fi\/wpKoti\/index.php?rest_route=\/wp\/v2\/pages\/33\/revisions"}],"predecessor-version":[{"id":161,"href":"https:\/\/fontteri.fi\/wpKoti\/index.php?rest_route=\/wp\/v2\/pages\/33\/revisions\/161"}],"wp:attachment":[{"href":"https:\/\/fontteri.fi\/wpKoti\/index.php?rest_route=%2Fwp%2Fv2%2Fmedia&parent=33"}],"curies":[{"name":"wp","href":"https:\/\/api.w.org\/{rel}","templated":true}]}}